{"id":158,"date":"2014-07-29T19:31:45","date_gmt":"2014-07-29T18:31:45","guid":{"rendered":"http:\/\/nikolaus-hartung.de\/cms\/?page_id=158"},"modified":"2014-09-03T20:29:15","modified_gmt":"2014-09-03T19:29:15","slug":"leistungen","status":"publish","type":"page","link":"http:\/\/www.nikolaus-hartung.de\/cms\/leistungen\/","title":{"rendered":"Leistungen"},"content":{"rendered":"<p><strong>Ladungsverkehre<\/strong><\/p>\n<p>Innerhalb der s\u00fcdlichen H\u00e4lfte Deutschlands, den angrenzenden L\u00e4ndern Schweiz und \u00d6sterreich, \u00f6kologische Vertr\u00e4glichkeit durch den Einsatz modernster Technik mit eigenem Fuhrpark.<\/p>\n<p><strong>Transportlogistik<\/strong><\/p>\n<p>Termingenaue Belieferung von Baum\u00e4rkten, sowie Handwerksbetrieben Sendungsverfolgung durch GPS, Autotelefon in allen Fahrzeugen. Gut ausgebildetes und qualifiziertes Fahrpersonal. Leistungsorientierte Abrechnung.<\/p>\n<p><strong>Slogan &#8211; Schnelligkeit ist unsere St\u00e4rke ! <\/strong><em>Stellen Sie uns auf die Probe<\/em><\/p>\n<p>Ab Januar 2011 erreichen Sie uns unter:<\/p>\n<p>Hartung G\u00fcterkraftverkehr Nachfolger GmbH<br \/>\nRathausstrasse 16<br \/>\n85665 Moosach<\/p>\n<p>Tel: +49-8091-539706<br \/>\nE-Mail: <a href=\"mailto:info@hartung-nachfolger.de\">info@hartung-nachfolger.de<\/a><\/p>\n<p>&nbsp;<\/p>\n","protected":false},"excerpt":{"rendered":"<p>Ladungsverkehre Innerhalb der s\u00fcdlichen H\u00e4lfte Deutschlands, den angrenzenden L\u00e4ndern Schweiz und \u00d6sterreich, \u00f6kologische Vertr\u00e4glichkeit durch den Einsatz modernster Technik mit eigenem Fuhrpark. Transportlogistik Termingenaue Belieferung von Baum\u00e4rkten, sowie Handwerksbetrieben Sendungsverfolgung durch GPS, Autotelefon in allen Fahrzeugen. Gut ausgebildetes und qualifiziertes Fahrpersonal. Leistungsorientierte Abrechnung. Slogan &#8211; Schnelligkeit ist unsere St\u00e4rke ! Stellen Sie uns auf die [&hellip;]<\/p>\n","protected":false},"author":2,"featured_media":43,"parent":0,"menu_order":0,"comment_status":"closed","ping_status":"closed","template":"","meta":[],"_links":{"self":[{"href":"http:\/\/www.nikolaus-hartung.de\/cms\/wp-json\/wp\/v2\/pages\/158"}],"collection":[{"href":"http:\/\/www.nikolaus-hartung.de\/cms\/wp-json\/wp\/v2\/pages"}],"about":[{"href":"http:\/\/www.nikolaus-hartung.de\/cms\/wp-json\/wp\/v2\/types\/page"}],"author":[{"embeddable":true,"href":"http:\/\/www.nikolaus-hartung.de\/cms\/wp-json\/wp\/v2\/users\/2"}],"replies":[{"embeddable":true,"href":"http:\/\/www.nikolaus-hartung.de\/cms\/wp-json\/wp\/v2\/comments?post=158"}],"version-history":[{"count":4,"href":"http:\/\/www.nikolaus-hartung.de\/cms\/wp-json\/wp\/v2\/pages\/158\/revisions"}],"predecessor-version":[{"id":218,"href":"http:\/\/www.nikolaus-hartung.de\/cms\/wp-json\/wp\/v2\/pages\/158\/revisions\/218"}],"wp:featuredmedia":[{"embeddable":true,"href":"http:\/\/www.nikolaus-hartung.de\/cms\/wp-json\/wp\/v2\/media\/43"}],"wp:attachment":[{"href":"http:\/\/www.nikolaus-hartung.de\/cms\/wp-json\/wp\/v2\/media?parent=158"}],"curies":[{"name":"wp","href":"https:\/\/api.w.org\/{rel}","templated":true}]}}